{"id":23,"date":"2025-04-17T11:21:43","date_gmt":"2025-04-17T09:21:43","guid":{"rendered":"http:\/\/2025.uppo-communication.fr\/?page_id=23"},"modified":"2025-04-17T11:21:43","modified_gmt":"2025-04-17T09:21:43","slug":"video-montage","status":"publish","type":"page","link":"https:\/\/2025.uppo-communication.fr\/index.php\/video-montage\/","title":{"rendered":"Vid\u00e9o &amp; montage"},"content":{"rendered":"","protected":false},"excerpt":{"rendered":"","protected":false},"author":2,"featured_media":0,"parent":0,"menu_order":0,"comment_status":"closed","ping_status":"closed","template":"","meta":{"footnotes":""},"class_list":["post-23","page","type-page","status-publish","hentry"],"yoast_head":"<!-- This site is optimized with the Yoast SEO plugin v27.3 - https:\/\/yoast.com\/product\/yoast-seo-wordpress\/ -->\n<title>Vid\u00e9o &amp; montage - Uppo Communication et Formation : cr\u00e9ation de site internet, streaming vid\u00e9o, reportage photo, impression sur tous supports - Beaucaire, N\u00eemes, Arles, Avignon - Gard, Vaucluse, Bouches-du-Rhone<\/title>\n<meta name=\"robots\" content=\"index, follow, max-snippet:-1, max-image-preview:large, max-video-preview:-1\" \/>\n<link rel=\"canonical\" href=\"https:\/\/2025.uppo-communication.fr\/index.php\/video-montage\/\" \/>\n<meta property=\"og:locale\" content=\"fr_FR\" \/>\n<meta property=\"og:type\" content=\"article\" \/>\n<meta property=\"og:title\" content=\"Vid\u00e9o &amp; montage - Uppo Communication et Formation : cr\u00e9ation de site internet, streaming vid\u00e9o, reportage photo, impression sur tous supports - Beaucaire, N\u00eemes, Arles, Avignon - Gard, Vaucluse, Bouches-du-Rhone\" \/>\n<meta property=\"og:url\" content=\"https:\/\/2025.uppo-communication.fr\/index.php\/video-montage\/\" \/>\n<meta property=\"og:site_name\" content=\"Uppo Communication et Formation : cr\u00e9ation de site internet, streaming vid\u00e9o, reportage photo, impression sur tous supports - Beaucaire, N\u00eemes, Arles, Avignon - Gard, Vaucluse, Bouches-du-Rhone\" \/>\n<meta property=\"article:publisher\" content=\"https:\/\/www.facebook.com\/uppo.fr\" \/>\n<meta name=\"twitter:card\" content=\"summary_large_image\" \/>\n<script type=\"application\/ld+json\" class=\"yoast-schema-graph\">{\"@context\":\"https:\\\/\\\/schema.org\",\"@graph\":[{\"@type\":\"WebPage\",\"@id\":\"https:\\\/\\\/2025.uppo-communication.fr\\\/index.php\\\/video-montage\\\/\",\"url\":\"https:\\\/\\\/2025.uppo-communication.fr\\\/index.php\\\/video-montage\\\/\",\"name\":\"Vid\u00e9o &amp; montage - Uppo Communication et Formation : cr\u00e9ation de site internet, streaming vid\u00e9o, reportage photo, impression sur tous supports - Beaucaire, N\u00eemes, Arles, Avignon - Gard, Vaucluse, Bouches-du-Rhone\",\"isPartOf\":{\"@id\":\"https:\\\/\\\/2025.uppo-communication.fr\\\/#website\"},\"datePublished\":\"2025-04-17T09:21:43+00:00\",\"breadcrumb\":{\"@id\":\"https:\\\/\\\/2025.uppo-communication.fr\\\/index.php\\\/video-montage\\\/#breadcrumb\"},\"inLanguage\":\"fr-FR\",\"potentialAction\":[{\"@type\":\"ReadAction\",\"target\":[\"https:\\\/\\\/2025.uppo-communication.fr\\\/index.php\\\/video-montage\\\/\"]}]},{\"@type\":\"BreadcrumbList\",\"@id\":\"https:\\\/\\\/2025.uppo-communication.fr\\\/index.php\\\/video-montage\\\/#breadcrumb\",\"itemListElement\":[{\"@type\":\"ListItem\",\"position\":1,\"name\":\"Accueil\",\"item\":\"https:\\\/\\\/2025.uppo-communication.fr\\\/\"},{\"@type\":\"ListItem\",\"position\":2,\"name\":\"Vid\u00e9o &amp; montage\"}]},{\"@type\":\"WebSite\",\"@id\":\"https:\\\/\\\/2025.uppo-communication.fr\\\/#website\",\"url\":\"https:\\\/\\\/2025.uppo-communication.fr\\\/\",\"name\":\"Uppo communication et formation\",\"description\":\"\",\"publisher\":{\"@id\":\"https:\\\/\\\/2025.uppo-communication.fr\\\/#organization\"},\"potentialAction\":[{\"@type\":\"SearchAction\",\"target\":{\"@type\":\"EntryPoint\",\"urlTemplate\":\"https:\\\/\\\/2025.uppo-communication.fr\\\/?s={search_term_string}\"},\"query-input\":{\"@type\":\"PropertyValueSpecification\",\"valueRequired\":true,\"valueName\":\"search_term_string\"}}],\"inLanguage\":\"fr-FR\"},{\"@type\":\"Organization\",\"@id\":\"https:\\\/\\\/2025.uppo-communication.fr\\\/#organization\",\"name\":\"Uppo communication et formation\",\"url\":\"https:\\\/\\\/2025.uppo-communication.fr\\\/\",\"logo\":{\"@type\":\"ImageObject\",\"inLanguage\":\"fr-FR\",\"@id\":\"https:\\\/\\\/2025.uppo-communication.fr\\\/#\\\/schema\\\/logo\\\/image\\\/\",\"url\":\"https:\\\/\\\/2025.uppo-communication.fr\\\/wp-content\\\/uploads\\\/2025\\\/04\\\/U-seulFichier-2.png\",\"contentUrl\":\"https:\\\/\\\/2025.uppo-communication.fr\\\/wp-content\\\/uploads\\\/2025\\\/04\\\/U-seulFichier-2.png\",\"width\":318,\"height\":424,\"caption\":\"Uppo communication et formation\"},\"image\":{\"@id\":\"https:\\\/\\\/2025.uppo-communication.fr\\\/#\\\/schema\\\/logo\\\/image\\\/\"},\"sameAs\":[\"https:\\\/\\\/www.facebook.com\\\/uppo.fr\",\"https:\\\/\\\/www.instagram.com\\\/uppo.fr\"]}]}<\/script>\n<!-- \/ Yoast SEO plugin. -->","yoast_head_json":{"title":"Vid\u00e9o &amp; montage - Uppo Communication et Formation : cr\u00e9ation de site internet, streaming vid\u00e9o, reportage photo, impression sur tous supports - Beaucaire, N\u00eemes, Arles, Avignon - Gard, Vaucluse, Bouches-du-Rhone","robots":{"index":"index","follow":"follow","max-snippet":"max-snippet:-1","max-image-preview":"max-image-preview:large","max-video-preview":"max-video-preview:-1"},"canonical":"https:\/\/2025.uppo-communication.fr\/index.php\/video-montage\/","og_locale":"fr_FR","og_type":"article","og_title":"Vid\u00e9o &amp; montage - Uppo Communication et Formation : cr\u00e9ation de site internet, streaming vid\u00e9o, reportage photo, impression sur tous supports - Beaucaire, N\u00eemes, Arles, Avignon - Gard, Vaucluse, Bouches-du-Rhone","og_url":"https:\/\/2025.uppo-communication.fr\/index.php\/video-montage\/","og_site_name":"Uppo Communication et Formation : cr\u00e9ation de site internet, streaming vid\u00e9o, reportage photo, impression sur tous supports - Beaucaire, N\u00eemes, Arles, Avignon - Gard, Vaucluse, Bouches-du-Rhone","article_publisher":"https:\/\/www.facebook.com\/uppo.fr","twitter_card":"summary_large_image","schema":{"@context":"https:\/\/schema.org","@graph":[{"@type":"WebPage","@id":"https:\/\/2025.uppo-communication.fr\/index.php\/video-montage\/","url":"https:\/\/2025.uppo-communication.fr\/index.php\/video-montage\/","name":"Vid\u00e9o &amp; montage - Uppo Communication et Formation : cr\u00e9ation de site internet, streaming vid\u00e9o, reportage photo, impression sur tous supports - Beaucaire, N\u00eemes, Arles, Avignon - Gard, Vaucluse, Bouches-du-Rhone","isPartOf":{"@id":"https:\/\/2025.uppo-communication.fr\/#website"},"datePublished":"2025-04-17T09:21:43+00:00","breadcrumb":{"@id":"https:\/\/2025.uppo-communication.fr\/index.php\/video-montage\/#breadcrumb"},"inLanguage":"fr-FR","potentialAction":[{"@type":"ReadAction","target":["https:\/\/2025.uppo-communication.fr\/index.php\/video-montage\/"]}]},{"@type":"BreadcrumbList","@id":"https:\/\/2025.uppo-communication.fr\/index.php\/video-montage\/#breadcrumb","itemListElement":[{"@type":"ListItem","position":1,"name":"Accueil","item":"https:\/\/2025.uppo-communication.fr\/"},{"@type":"ListItem","position":2,"name":"Vid\u00e9o &amp; montage"}]},{"@type":"WebSite","@id":"https:\/\/2025.uppo-communication.fr\/#website","url":"https:\/\/2025.uppo-communication.fr\/","name":"Uppo communication et formation","description":"","publisher":{"@id":"https:\/\/2025.uppo-communication.fr\/#organization"},"potentialAction":[{"@type":"SearchAction","target":{"@type":"EntryPoint","urlTemplate":"https:\/\/2025.uppo-communication.fr\/?s={search_term_string}"},"query-input":{"@type":"PropertyValueSpecification","valueRequired":true,"valueName":"search_term_string"}}],"inLanguage":"fr-FR"},{"@type":"Organization","@id":"https:\/\/2025.uppo-communication.fr\/#organization","name":"Uppo communication et formation","url":"https:\/\/2025.uppo-communication.fr\/","logo":{"@type":"ImageObject","inLanguage":"fr-FR","@id":"https:\/\/2025.uppo-communication.fr\/#\/schema\/logo\/image\/","url":"https:\/\/2025.uppo-communication.fr\/wp-content\/uploads\/2025\/04\/U-seulFichier-2.png","contentUrl":"https:\/\/2025.uppo-communication.fr\/wp-content\/uploads\/2025\/04\/U-seulFichier-2.png","width":318,"height":424,"caption":"Uppo communication et formation"},"image":{"@id":"https:\/\/2025.uppo-communication.fr\/#\/schema\/logo\/image\/"},"sameAs":["https:\/\/www.facebook.com\/uppo.fr","https:\/\/www.instagram.com\/uppo.fr"]}]}},"_links":{"self":[{"href":"https:\/\/2025.uppo-communication.fr\/index.php\/wp-json\/wp\/v2\/pages\/23","targetHints":{"allow":["GET"]}}],"collection":[{"href":"https:\/\/2025.uppo-communication.fr\/index.php\/wp-json\/wp\/v2\/pages"}],"about":[{"href":"https:\/\/2025.uppo-communication.fr\/index.php\/wp-json\/wp\/v2\/types\/page"}],"author":[{"embeddable":true,"href":"https:\/\/2025.uppo-communication.fr\/index.php\/wp-json\/wp\/v2\/users\/2"}],"replies":[{"embeddable":true,"href":"https:\/\/2025.uppo-communication.fr\/index.php\/wp-json\/wp\/v2\/comments?post=23"}],"version-history":[{"count":1,"href":"https:\/\/2025.uppo-communication.fr\/index.php\/wp-json\/wp\/v2\/pages\/23\/revisions"}],"predecessor-version":[{"id":24,"href":"https:\/\/2025.uppo-communication.fr\/index.php\/wp-json\/wp\/v2\/pages\/23\/revisions\/24"}],"wp:attachment":[{"href":"https:\/\/2025.uppo-communication.fr\/index.php\/wp-json\/wp\/v2\/media?parent=23"}],"curies":[{"name":"wp","href":"https:\/\/api.w.org\/{rel}","templated":true}]}}